{"id":3021,"date":"2024-01-01T00:00:00","date_gmt":"2024-01-01T00:00:00","guid":{"rendered":"https:\/\/fulfillment.sa-fa.de\/?page_id=3021"},"modified":"2025-05-17T22:21:00","modified_gmt":"2025-05-17T22:21:00","slug":"privacy-de","status":"publish","type":"page","link":"https:\/\/fulfillment.sa-fa.de\/?page_id=3021&lang=de","title":{"rendered":"Datenschutz"},"content":{"rendered":"<p class=\"\" data-start=\"409\" data-end=\"610\"><strong data-start=\"409\" data-end=\"433\">Datenschutzerkl\u00e4rung<\/strong><br data-start=\"433\" data-end=\"436\" \/>Der Schutz Ihrer pers\u00f6nlichen Daten ist uns ein besonderes Anliegen. Wir verarbeiten Ihre Daten daher ausschlie\u00dflich auf Grundlage der gesetzlichen Bestimmungen (DSGVO, TMG).<\/p>\n<h3 class=\"\" data-start=\"612\" data-end=\"635\">1. Verantwortlicher<\/h3>\n<p class=\"\" data-start=\"636\" data-end=\"753\">SAFA Gro\u00dfhandel<br data-start=\"651\" data-end=\"654\" \/>SAFA Fulfillment &amp; Distribution<br data-start=\"685\" data-end=\"688\" \/>Almastra\u00dfe 79, 45886 Gelsenkirchen<br data-start=\"722\" data-end=\"725\" \/>E-Mail: <a class=\"cursor-pointer\" rel=\"noopener\" data-start=\"733\" data-end=\"753\">info@sa-fa.de<\/a><\/p>\n<h3 class=\"\" data-start=\"755\" data-end=\"811\">2. Erhebung und Verarbeitung personenbezogener Daten<\/h3>\n<p class=\"\" data-start=\"812\" data-end=\"1029\">Wenn Sie \u00fcber das Kontaktformular mit uns in Verbindung treten, werden Ihre Angaben (Name, E-Mail-Adresse, Nachricht) zur Bearbeitung der Anfrage gespeichert. Diese Daten geben wir nicht ohne Ihre Einwilligung weiter.<\/p>\n<h3 class=\"\" data-start=\"1031\" data-end=\"1049\">3. Ihre Rechte<\/h3>\n<p class=\"\" data-start=\"1050\" data-end=\"1234\">Sie haben jederzeit das Recht auf Auskunft, Berichtigung, L\u00f6schung oder Einschr\u00e4nkung der Verarbeitung Ihrer gespeicherten Daten. Bitte kontaktieren Sie uns unter <a class=\"cursor-pointer\" rel=\"noopener\" data-start=\"1213\" data-end=\"1233\">info@sa-fa.de<\/a>.<\/p>\n<h3 class=\"\" data-start=\"1236\" data-end=\"1262\">4. SSL-Verschl\u00fcsselung<\/h3>\n<p class=\"\" data-start=\"1263\" data-end=\"1334\">Unsere Website nutzt SSL-Verschl\u00fcsselung zur sicheren Daten\u00fcbertragung.<\/p>\n","protected":false},"excerpt":{"rendered":"<p>Datenschutzerkl\u00e4rungDer Schutz Ihrer pers\u00f6nlichen Daten ist uns ein besonderes Anliegen. Wir verarbeiten Ihre Daten daher ausschlie\u00dflich auf Grundlage der gesetzlichen Bestimmungen (DSGVO, TMG). 1. Verantwortlicher SAFA Gro\u00dfhandelSAFA Fulfillment &amp; DistributionAlmastra\u00dfe 79, 45886 GelsenkirchenE-Mail: info@sa-fa.de 2. Erhebung und Verarbeitung personenbezogener Daten Wenn Sie \u00fcber das Kontaktformular mit uns in Verbindung treten, werden Ihre Angaben (Name, E-Mail-Adresse, [&hellip;]<\/p>\n","protected":false},"author":1,"featured_media":0,"parent":0,"menu_order":0,"comment_status":"closed","ping_status":"closed","template":"","meta":{"footnotes":""},"class_list":["post-3021","page","type-page","status-publish","hentry"],"blocksy_meta":[],"_links":{"self":[{"href":"https:\/\/fulfillment.sa-fa.de\/index.php?rest_route=\/wp\/v2\/pages\/3021","targetHints":{"allow":["GET"]}}],"collection":[{"href":"https:\/\/fulfillment.sa-fa.de\/index.php?rest_route=\/wp\/v2\/pages"}],"about":[{"href":"https:\/\/fulfillment.sa-fa.de\/index.php?rest_route=\/wp\/v2\/types\/page"}],"author":[{"embeddable":true,"href":"https:\/\/fulfillment.sa-fa.de\/index.php?rest_route=\/wp\/v2\/users\/1"}],"replies":[{"embeddable":true,"href":"https:\/\/fulfillment.sa-fa.de\/index.php?rest_route=%2Fwp%2Fv2%2Fcomments&post=3021"}],"version-history":[{"count":2,"href":"https:\/\/fulfillment.sa-fa.de\/index.php?rest_route=\/wp\/v2\/pages\/3021\/revisions"}],"predecessor-version":[{"id":3243,"href":"https:\/\/fulfillment.sa-fa.de\/index.php?rest_route=\/wp\/v2\/pages\/3021\/revisions\/3243"}],"wp:attachment":[{"href":"https:\/\/fulfillment.sa-fa.de\/index.php?rest_route=%2Fwp%2Fv2%2Fmedia&parent=3021"}],"curies":[{"name":"wp","href":"https:\/\/api.w.org\/{rel}","templated":true}]}}