{"id":3022,"date":"2024-01-01T00:00:00","date_gmt":"2024-01-01T00:00:00","guid":{"rendered":"https:\/\/fulfillment.sa-fa.de\/?page_id=3022"},"modified":"2025-05-17T22:21:55","modified_gmt":"2025-05-17T22:21:55","slug":"privacy-tr","status":"publish","type":"page","link":"https:\/\/fulfillment.sa-fa.de\/?page_id=3022&lang=tr","title":{"rendered":"Gizlilik"},"content":{"rendered":"<p class=\"\" data-start=\"2184\" data-end=\"2342\"><strong data-start=\"2184\" data-end=\"2207\">Gizlilik Politikas\u0131<\/strong><br data-start=\"2207\" data-end=\"2210\" \/>Ki\u015fisel verilerinizin korunmas\u0131 bizim i\u00e7in \u00e7ok \u00f6nemlidir. Verileriniz yaln\u0131zca yasal d\u00fczenlemelere (GDPR, TMG) uygun olarak i\u015flenir.<\/p>\n<h3 class=\"\" data-start=\"2344\" data-end=\"2371\">1. Sorumlu ki\u015fi \/ kurum<\/h3>\n<p class=\"\" data-start=\"2372\" data-end=\"2499\">SAFA Gro\u00dfhandel<br data-start=\"2387\" data-end=\"2390\" \/>SAFA Fulfillment &amp; Distribution<br data-start=\"2421\" data-end=\"2424\" \/>Almastra\u00dfe 79, 45886 Gelsenkirchen, Almanya<br data-start=\"2467\" data-end=\"2470\" \/>E-posta: <a class=\"cursor-pointer\" rel=\"noopener\" data-start=\"2479\" data-end=\"2499\">info@sa-fa.de<\/a><\/p>\n<h3 class=\"\" data-start=\"2501\" data-end=\"2549\">2. Ki\u015fisel verilerin toplanmas\u0131 ve i\u015flenmesi<\/h3>\n<p class=\"\" data-start=\"2550\" data-end=\"2750\">\u0130leti\u015fim formu arac\u0131l\u0131\u011f\u0131yla bizimle ileti\u015fime ge\u00e7erseniz, verdi\u011finiz bilgiler (isim, e-posta, mesaj) talebinizi i\u015fleme koymak i\u00e7in saklan\u0131r. Verileriniz, izniniz olmadan \u00fc\u00e7\u00fcnc\u00fc taraflarla payla\u015f\u0131lmaz.<\/p>\n<h3 class=\"\" data-start=\"2752\" data-end=\"2769\">3. Haklar\u0131n\u0131z<\/h3>\n<p class=\"\" data-start=\"2770\" data-end=\"2906\">Verilerinize eri\u015fim, d\u00fczeltme veya silme hakk\u0131na her zaman sahipsiniz. <a class=\"cursor-pointer\" rel=\"noopener\" data-start=\"2841\" data-end=\"2861\">info@sa-fa.de<\/a> adresinden bizimle ileti\u015fime ge\u00e7ebilirsiniz.<\/p>\n<h3 class=\"\" data-start=\"2908\" data-end=\"2928\">4. SSL \u015fifreleme<\/h3>\n<p class=\"\" data-start=\"2929\" data-end=\"2990\">Web sitemiz g\u00fcvenli veri iletimi i\u00e7in SSL \u015fifreleme kullan\u0131r.<\/p>\n","protected":false},"excerpt":{"rendered":"<p>Gizlilik Politikas\u0131Ki\u015fisel verilerinizin korunmas\u0131 bizim i\u00e7in \u00e7ok \u00f6nemlidir. Verileriniz yaln\u0131zca yasal d\u00fczenlemelere (GDPR, TMG) uygun olarak i\u015flenir. 1. Sorumlu ki\u015fi \/ kurum SAFA Gro\u00dfhandelSAFA Fulfillment &amp; DistributionAlmastra\u00dfe 79, 45886 Gelsenkirchen, AlmanyaE-posta: info@sa-fa.de 2. Ki\u015fisel verilerin toplanmas\u0131 ve i\u015flenmesi \u0130leti\u015fim formu arac\u0131l\u0131\u011f\u0131yla bizimle ileti\u015fime ge\u00e7erseniz, verdi\u011finiz bilgiler (isim, e-posta, mesaj) talebinizi i\u015fleme koymak i\u00e7in saklan\u0131r. Verileriniz, [&hellip;]<\/p>\n","protected":false},"author":1,"featured_media":0,"parent":0,"menu_order":0,"comment_status":"closed","ping_status":"closed","template":"","meta":{"footnotes":""},"class_list":["post-3022","page","type-page","status-publish","hentry"],"blocksy_meta":[],"_links":{"self":[{"href":"https:\/\/fulfillment.sa-fa.de\/index.php?rest_route=\/wp\/v2\/pages\/3022","targetHints":{"allow":["GET"]}}],"collection":[{"href":"https:\/\/fulfillment.sa-fa.de\/index.php?rest_route=\/wp\/v2\/pages"}],"about":[{"href":"https:\/\/fulfillment.sa-fa.de\/index.php?rest_route=\/wp\/v2\/types\/page"}],"author":[{"embeddable":true,"href":"https:\/\/fulfillment.sa-fa.de\/index.php?rest_route=\/wp\/v2\/users\/1"}],"replies":[{"embeddable":true,"href":"https:\/\/fulfillment.sa-fa.de\/index.php?rest_route=%2Fwp%2Fv2%2Fcomments&post=3022"}],"version-history":[{"count":1,"href":"https:\/\/fulfillment.sa-fa.de\/index.php?rest_route=\/wp\/v2\/pages\/3022\/revisions"}],"predecessor-version":[{"id":3244,"href":"https:\/\/fulfillment.sa-fa.de\/index.php?rest_route=\/wp\/v2\/pages\/3022\/revisions\/3244"}],"wp:attachment":[{"href":"https:\/\/fulfillment.sa-fa.de\/index.php?rest_route=%2Fwp%2Fv2%2Fmedia&parent=3022"}],"curies":[{"name":"wp","href":"https:\/\/api.w.org\/{rel}","templated":true}]}}