{"id":3031,"date":"2024-01-01T00:00:00","date_gmt":"2024-01-01T00:00:00","guid":{"rendered":"https:\/\/fulfillment.sa-fa.de\/?page_id=3031"},"modified":"2025-05-17T22:33:30","modified_gmt":"2025-05-17T22:33:30","slug":"terms-de","status":"publish","type":"page","link":"https:\/\/fulfillment.sa-fa.de\/?page_id=3031&lang=de","title":{"rendered":"AGB"},"content":{"rendered":"<p class=\"\" data-start=\"327\" data-end=\"423\"><strong data-start=\"327\" data-end=\"368\">Allgemeine Gesch\u00e4ftsbedingungen (AGB)<\/strong><br data-start=\"368\" data-end=\"371\" \/>SAFA Fulfillment &amp; Distribution<br data-start=\"402\" data-end=\"405\" \/>by SAFA Gro\u00dfhandel<\/p>\n<h3 class=\"\" data-start=\"425\" data-end=\"447\">1. Geltungsbereich<\/h3>\n<p class=\"\" data-start=\"448\" data-end=\"603\">Diese AGB gelten f\u00fcr alle Vertr\u00e4ge \u00fcber Fulfillment-, Lager- und Vertriebsdienstleistungen zwischen SAFA Gro\u00dfhandel und Unternehmern im Sinne von \u00a7 14 BGB.<\/p>\n<h3 class=\"\" data-start=\"605\" data-end=\"622\">2. Leistungen<\/h3>\n<p class=\"\" data-start=\"623\" data-end=\"842\">SAFA \u00fcbernimmt Leistungen im Bereich Lagerung, Kommissionierung, Versand, Retourenabwicklung sowie optionale Vermarktungs- und Gro\u00dfhandelsleistungen. Der genaue Leistungsumfang ergibt sich aus dem individuellen Angebot.<\/p>\n<h3 class=\"\" data-start=\"844\" data-end=\"866\">3. Vertragsschluss<\/h3>\n<p class=\"\" data-start=\"867\" data-end=\"979\">Ein Vertrag kommt durch schriftliche Best\u00e4tigung des Kundenauftrags oder durch Ausf\u00fchrung der Leistung zustande.<\/p>\n<h3 class=\"\" data-start=\"981\" data-end=\"1016\">4. Preise &amp; Zahlungsbedingungen<\/h3>\n<p class=\"\" data-start=\"1017\" data-end=\"1160\">Alle Preise verstehen sich netto zzgl. gesetzlicher Umsatzsteuer. Zahlungen sind innerhalb von 14 Tagen nach Rechnungserhalt ohne Abzug f\u00e4llig.<\/p>\n<h3 class=\"\" data-start=\"1162\" data-end=\"1176\">5. Haftung<\/h3>\n<p class=\"\" data-start=\"1177\" data-end=\"1288\">SAFA haftet nur f\u00fcr Vorsatz und grobe Fahrl\u00e4ssigkeit. Die Haftung ist auf die H\u00f6he des Auftragswertes begrenzt.<\/p>\n<h3 class=\"\" data-start=\"1290\" data-end=\"1308\">6. Datenschutz<\/h3>\n<p class=\"\" data-start=\"1309\" data-end=\"1389\">Die Verarbeitung personenbezogener Daten erfolgt gem\u00e4\u00df der Datenschutzerkl\u00e4rung.<\/p>\n<h3 class=\"\" data-start=\"1391\" data-end=\"1411\">7. Gerichtsstand<\/h3>\n<p class=\"\" data-start=\"1412\" data-end=\"1469\">Gerichtsstand ist Gelsenkirchen. Es gilt deutsches Recht.<\/p>\n\n\n<p><\/p>\n","protected":false},"excerpt":{"rendered":"<p>Allgemeine Gesch\u00e4ftsbedingungen (AGB)SAFA Fulfillment &amp; Distributionby SAFA Gro\u00dfhandel 1. Geltungsbereich Diese AGB gelten f\u00fcr alle Vertr\u00e4ge \u00fcber Fulfillment-, Lager- und Vertriebsdienstleistungen zwischen SAFA Gro\u00dfhandel und Unternehmern im Sinne von \u00a7 14 BGB. 2. Leistungen SAFA \u00fcbernimmt Leistungen im Bereich Lagerung, Kommissionierung, Versand, Retourenabwicklung sowie optionale Vermarktungs- und Gro\u00dfhandelsleistungen. Der genaue Leistungsumfang ergibt sich aus dem [&hellip;]<\/p>\n","protected":false},"author":1,"featured_media":0,"parent":0,"menu_order":0,"comment_status":"closed","ping_status":"closed","template":"","meta":{"footnotes":""},"class_list":["post-3031","page","type-page","status-publish","hentry"],"blocksy_meta":[],"_links":{"self":[{"href":"https:\/\/fulfillment.sa-fa.de\/index.php?rest_route=\/wp\/v2\/pages\/3031","targetHints":{"allow":["GET"]}}],"collection":[{"href":"https:\/\/fulfillment.sa-fa.de\/index.php?rest_route=\/wp\/v2\/pages"}],"about":[{"href":"https:\/\/fulfillment.sa-fa.de\/index.php?rest_route=\/wp\/v2\/types\/page"}],"author":[{"embeddable":true,"href":"https:\/\/fulfillment.sa-fa.de\/index.php?rest_route=\/wp\/v2\/users\/1"}],"replies":[{"embeddable":true,"href":"https:\/\/fulfillment.sa-fa.de\/index.php?rest_route=%2Fwp%2Fv2%2Fcomments&post=3031"}],"version-history":[{"count":3,"href":"https:\/\/fulfillment.sa-fa.de\/index.php?rest_route=\/wp\/v2\/pages\/3031\/revisions"}],"predecessor-version":[{"id":3247,"href":"https:\/\/fulfillment.sa-fa.de\/index.php?rest_route=\/wp\/v2\/pages\/3031\/revisions\/3247"}],"wp:attachment":[{"href":"https:\/\/fulfillment.sa-fa.de\/index.php?rest_route=%2Fwp%2Fv2%2Fmedia&parent=3031"}],"curies":[{"name":"wp","href":"https:\/\/api.w.org\/{rel}","templated":true}]}}