{"id":3041,"date":"2024-01-01T00:00:00","date_gmt":"2024-01-01T00:00:00","guid":{"rendered":"https:\/\/fulfillment.sa-fa.de\/?page_id=3041"},"modified":"2025-05-18T14:02:07","modified_gmt":"2025-05-18T14:02:07","slug":"imprint-de","status":"publish","type":"page","link":"https:\/\/fulfillment.sa-fa.de\/?page_id=3041&lang=de","title":{"rendered":"Impressum"},"content":{"rendered":"<p class=\"\" data-start=\"225\" data-end=\"251\"><strong data-start=\"225\" data-end=\"251\">Angaben gem\u00e4\u00df \u00a7 5 TMG:<\/strong><\/p>\n<p class=\"\" data-start=\"253\" data-end=\"326\"><strong data-start=\"175\" data-end=\"194\">SAFA Gro\u00dfhandel<\/strong><br data-start=\"194\" data-end=\"197\" \/>SAFA Fulfillment &amp; Distribution<br data-start=\"228\" data-end=\"231\" \/>Almastra\u00dfe 79<br data-start=\"243\" data-end=\"246\" \/>45886 Gelsenkirchen<br data-start=\"265\" data-end=\"268\" \/>Deutschland<\/p>\n<p class=\"\" data-start=\"328\" data-end=\"449\"><strong data-start=\"328\" data-end=\"348\">Vertreten durch:<\/strong> Faruk \u00dcnal<br data-start=\"356\" data-end=\"359\" \/><strong data-start=\"359\" data-end=\"370\">E-Mail:<\/strong> <a class=\"cursor-pointer\" rel=\"noopener\" data-start=\"371\" data-end=\"391\">info@sa-fa.de<\/a><br data-start=\"391\" data-end=\"394\" \/><strong data-start=\"394\" data-end=\"414\">Umsatzsteuer-ID:<\/strong> DE125066835<\/p>\n<p class=\"\" data-start=\"451\" data-end=\"565\"><strong data-start=\"451\" data-end=\"507\">Verantwortlich f\u00fcr den Inhalt nach \u00a7 55 Abs. 2 RStV:<\/strong><br data-start=\"507\" data-end=\"510\" \/>SAFA Gro\u00dfhandel<br data-start=\"525\" data-end=\"528\" \/>Almastra\u00dfe 79<br data-start=\"541\" data-end=\"544\" \/>45886 Gelsenkirchen<\/p>\n","protected":false},"excerpt":{"rendered":"<p>Angaben gem\u00e4\u00df \u00a7 5 TMG: SAFA Gro\u00dfhandelSAFA Fulfillment &amp; DistributionAlmastra\u00dfe 7945886 GelsenkirchenDeutschland Vertreten durch: Faruk \u00dcnalE-Mail: info@sa-fa.deUmsatzsteuer-ID: DE125066835 Verantwortlich f\u00fcr den Inhalt nach \u00a7 55 Abs. 2 RStV:SAFA Gro\u00dfhandelAlmastra\u00dfe 7945886 Gelsenkirchen<\/p>\n","protected":false},"author":1,"featured_media":0,"parent":0,"menu_order":0,"comment_status":"closed","ping_status":"closed","template":"","meta":{"footnotes":""},"class_list":["post-3041","page","type-page","status-publish","hentry"],"blocksy_meta":[],"_links":{"self":[{"href":"https:\/\/fulfillment.sa-fa.de\/index.php?rest_route=\/wp\/v2\/pages\/3041","targetHints":{"allow":["GET"]}}],"collection":[{"href":"https:\/\/fulfillment.sa-fa.de\/index.php?rest_route=\/wp\/v2\/pages"}],"about":[{"href":"https:\/\/fulfillment.sa-fa.de\/index.php?rest_route=\/wp\/v2\/types\/page"}],"author":[{"embeddable":true,"href":"https:\/\/fulfillment.sa-fa.de\/index.php?rest_route=\/wp\/v2\/users\/1"}],"replies":[{"embeddable":true,"href":"https:\/\/fulfillment.sa-fa.de\/index.php?rest_route=%2Fwp%2Fv2%2Fcomments&post=3041"}],"version-history":[{"count":4,"href":"https:\/\/fulfillment.sa-fa.de\/index.php?rest_route=\/wp\/v2\/pages\/3041\/revisions"}],"predecessor-version":[{"id":3252,"href":"https:\/\/fulfillment.sa-fa.de\/index.php?rest_route=\/wp\/v2\/pages\/3041\/revisions\/3252"}],"wp:attachment":[{"href":"https:\/\/fulfillment.sa-fa.de\/index.php?rest_route=%2Fwp%2Fv2%2Fmedia&parent=3041"}],"curies":[{"name":"wp","href":"https:\/\/api.w.org\/{rel}","templated":true}]}}