{"id":3213,"date":"2025-05-17T21:22:12","date_gmt":"2025-05-17T21:22:12","guid":{"rendered":"https:\/\/fulfillment.sa-fa.de\/?page_id=3213"},"modified":"2025-05-18T14:01:23","modified_gmt":"2025-05-18T14:01:23","slug":"yasal-bilgi","status":"publish","type":"page","link":"https:\/\/fulfillment.sa-fa.de\/?page_id=3213&lang=tr","title":{"rendered":"Yasal Bilgi"},"content":{"rendered":"\n<p><strong>Almanya Telemedya Yasas\u0131 (TMG) Madde 5&#8217;e g\u00f6re yasal bilgi:<\/strong><\/p>\n\n\n\n<p><strong>SAFA Gro\u00dfhandel<\/strong><br>SAFA Fulfillment &amp; Distribution<br>Almastra\u00dfe 79<br>45886 Gelsenkirchen<br>Almanya<\/p>\n\n\n\n<p><strong>Temsil eden:<\/strong> Faruk \u00dcnal<br><strong>E-posta:<\/strong> <a>info@sa-fa.de<\/a><br><strong>Vergi Numaras\u0131 (USt-ID):<\/strong> DE125066835<\/p>\n\n\n\n<p><strong>\u0130\u00e7erikten sorumlu ki\u015fi (RStV Madde 55\/2):<\/strong><br>SAFA Gro\u00dfhandel<br>Almastra\u00dfe 79<br>45886 Gelsenkirchen<\/p>\n","protected":false},"excerpt":{"rendered":"<p>Almanya Telemedya Yasas\u0131 (TMG) Madde 5&#8217;e g\u00f6re yasal bilgi: SAFA Gro\u00dfhandelSAFA Fulfillment &amp; DistributionAlmastra\u00dfe 7945886 GelsenkirchenAlmanya Temsil eden: Faruk \u00dcnalE-posta: info@sa-fa.deVergi Numaras\u0131 (USt-ID): DE125066835 \u0130\u00e7erikten sorumlu ki\u015fi (RStV Madde 55\/2):SAFA Gro\u00dfhandelAlmastra\u00dfe 7945886 Gelsenkirchen<\/p>\n","protected":false},"author":1,"featured_media":0,"parent":0,"menu_order":0,"comment_status":"closed","ping_status":"closed","template":"","meta":{"footnotes":""},"class_list":["post-3213","page","type-page","status-publish","hentry"],"blocksy_meta":[],"_links":{"self":[{"href":"https:\/\/fulfillment.sa-fa.de\/index.php?rest_route=\/wp\/v2\/pages\/3213","targetHints":{"allow":["GET"]}}],"collection":[{"href":"https:\/\/fulfillment.sa-fa.de\/index.php?rest_route=\/wp\/v2\/pages"}],"about":[{"href":"https:\/\/fulfillment.sa-fa.de\/index.php?rest_route=\/wp\/v2\/types\/page"}],"author":[{"embeddable":true,"href":"https:\/\/fulfillment.sa-fa.de\/index.php?rest_route=\/wp\/v2\/users\/1"}],"replies":[{"embeddable":true,"href":"https:\/\/fulfillment.sa-fa.de\/index.php?rest_route=%2Fwp%2Fv2%2Fcomments&post=3213"}],"version-history":[{"count":3,"href":"https:\/\/fulfillment.sa-fa.de\/index.php?rest_route=\/wp\/v2\/pages\/3213\/revisions"}],"predecessor-version":[{"id":3251,"href":"https:\/\/fulfillment.sa-fa.de\/index.php?rest_route=\/wp\/v2\/pages\/3213\/revisions\/3251"}],"wp:attachment":[{"href":"https:\/\/fulfillment.sa-fa.de\/index.php?rest_route=%2Fwp%2Fv2%2Fmedia&parent=3213"}],"curies":[{"name":"wp","href":"https:\/\/api.w.org\/{rel}","templated":true}]}}